{"id":18,"date":"2023-05-29T11:35:38","date_gmt":"2023-05-29T11:35:38","guid":{"rendered":"http:\/\/entaban.es\/blog\/?page_id=18"},"modified":"2026-02-11T13:37:44","modified_gmt":"2026-02-11T12:37:44","slug":"blog","status":"publish","type":"page","link":"https:\/\/entaban.es\/blog\/","title":{"rendered":"Blog"},"content":{"rendered":"\n<style type=\"text\/css\" data-created_by=\"avia_inline_auto\" id=\"style-css-av-libk33se-784d2aa066761533eb6b132998f52795\">\n.avia-section.av-libk33se-784d2aa066761533eb6b132998f52795{\nbackground-color:#eff2f4;\nbackground-image:unset;\n}\n<\/style>\n<div id='av_section_1'  class='avia-section av-libk33se-784d2aa066761533eb6b132998f52795 main_color avia-section-default avia-no-border-styling  avia-builder-el-0  el_before_av_section  avia-builder-el-first  avia-bg-style-scroll container_wrap fullsize'  ><div class='container av-section-cont-open' ><main  class='template-page content  av-content-full alpha units'><div class='post-entry post-entry-type-page post-entry-18'><div class='entry-content-wrapper clearfix'>\n<div  class='flex_column av-1xnf6-4f29ff35c88ec142d051142bc1b80d40 av_one_full  avia-builder-el-1  avia-builder-el-no-sibling  our-blog-title-wrapper first flex_column_div  '     ><style type=\"text\/css\" data-created_by=\"avia_inline_auto\" id=\"style-css-av-li8rumm8-182a3964493c692e87921d841c2d70ac\">\n#top .av-special-heading.av-li8rumm8-182a3964493c692e87921d841c2d70ac{\npadding-bottom:10px;\n}\nbody .av-special-heading.av-li8rumm8-182a3964493c692e87921d841c2d70ac .av-special-heading-tag .heading-char{\nfont-size:25px;\n}\n.av-special-heading.av-li8rumm8-182a3964493c692e87921d841c2d70ac .av-subheading{\nfont-size:15px;\n}\n<\/style>\n<div  class='av-special-heading av-li8rumm8-182a3964493c692e87921d841c2d70ac av-special-heading-h1 blockquote modern-quote  avia-builder-el-2  avia-builder-el-no-sibling  our-blog-title'><h1 class='av-special-heading-tag '  >Blog de Suministros Industriales<\/h1><div class='av-subheading av-subheading_below'><h2>Entaban<\/h2>\n<\/div><div class=\"special-heading-border\"><div class=\"special-heading-inner-border\"><\/div><\/div><\/div><\/div><\/div><\/div><\/main><!-- close content main element --><\/div><\/div><div id='av_section_2'  class='avia-section av-2ywbe-7eedc349ffb77cfbf4b3b977183c6895 main_color avia-section-default avia-no-border-styling  avia-builder-el-3  el_after_av_section  avia-builder-el-last  home-posts-wrapper avia-bg-style-scroll container_wrap fullsize'  ><div class='container av-section-cont-open' ><div class='template-page content  av-content-full alpha units'><div class='post-entry post-entry-type-page post-entry-18'><div class='entry-content-wrapper clearfix'>\n<div  class='flex_column av-1l4vq-48b3cd9574aaae817a8de321cc4d55ec av_one_full  avia-builder-el-4  avia-builder-el-no-sibling  first flex_column_div  '     ><div  data-slideshow-options=\"{&quot;animation&quot;:&quot;fade&quot;,&quot;autoplay&quot;:false,&quot;loop_autoplay&quot;:&quot;once&quot;,&quot;interval&quot;:5,&quot;loop_manual&quot;:&quot;manual-endless&quot;,&quot;autoplay_stopper&quot;:false,&quot;noNavigation&quot;:false,&quot;show_slide_delay&quot;:90}\" class='avia-content-slider avia-content-grid-active avia-content-slider1 avia-content-slider-odd  avia-builder-el-5  avia-builder-el-no-sibling  home-posts av-slideshow-ui av-control-default   av-no-slider-navigation av-slideshow-manual av-loop-once av-loop-manual-endless ' ><div class=\"avia-content-slider-inner\"><div class=\"slide-entry-wrap\"><article class='slide-entry flex_column  post-entry post-entry-2179 slide-entry-overview slide-loop-1 slide-parity-odd  av_one_third first real-thumbnail posttype-post post-format-standard' ><a href='https:\/\/entaban.es\/blog\/tipos-de-guantes-de-trabajo-guia-completa-para-elegir-los-mejores-guantes-de-seguridad\/' data-rel='slide-1' class='slide-image' title='Tipos de guantes de trabajo: Gu\u00eda completa para elegir los mejores guantes de seguridad'><img decoding=\"async\" fetchpriority=\"high\" width=\"495\" height=\"360\" src=\"https:\/\/entaban.es\/blog\/wp-content\/uploads\/2026\/03\/tipos-de-guantes-de-trabajo-495x360.jpg\" class=\"wp-image-2183 avia-img-lazy-loading-not-2183 attachment-portfolio size-portfolio wp-post-image\" alt=\"tipos de guantes de trabajo\" \/><\/a><div class=\"slide-content\"><header class=\"entry-content-header\"><h3 class='slide-entry-title entry-title ' ><a href='https:\/\/entaban.es\/blog\/tipos-de-guantes-de-trabajo-guia-completa-para-elegir-los-mejores-guantes-de-seguridad\/' title='Tipos de guantes de trabajo: Gu\u00eda completa para elegir los mejores guantes de seguridad'>Tipos de guantes de trabajo: Gu\u00eda completa para elegir los mejores guantes de seguridad<\/a><\/h3><span class=\"av-vertical-delimiter\"><\/span><\/header><div class=\"slide-meta\"><time class='slide-meta-time updated' >13 Mar. 2026<\/time><div class=\"slide-meta-del\">\/<\/div><div class=\"slide-meta-comments\"><a href='https:\/\/entaban.es\/blog\/tipos-de-guantes-de-trabajo-guia-completa-para-elegir-los-mejores-guantes-de-seguridad\/#respond'>0 Comentarios<\/a><\/div><\/div><div class='slide-entry-excerpt entry-content' >La mano es la herramienta m\u00e1s expuesta en cualquier trabajo\u2026<div class=\"read-more-link\"><a href=\"https:\/\/entaban.es\/blog\/tipos-de-guantes-de-trabajo-guia-completa-para-elegir-los-mejores-guantes-de-seguridad\/\" class=\"more-link\"><span class=\"read-more-link-text\">Leer m\u00e1s<\/span><span class=\"more-link-arrow\"><\/span><\/a><\/div><\/div><\/div><footer class=\"entry-footer\"><\/footer><\/article><article class='slide-entry flex_column  post-entry post-entry-2121 slide-entry-overview slide-loop-2 slide-parity-even  av_one_third  real-thumbnail posttype-post post-format-standard' ><a href='https:\/\/entaban.es\/blog\/tacos-de-pladur-guia-tecnica-de-seleccion-cargas-y-seguridad-en-instalaciones\/' data-rel='slide-1' class='slide-image' title='Tacos de pladur: Gu\u00eda t\u00e9cnica de selecci\u00f3n, cargas y seguridad en instalaciones'><img decoding=\"async\" fetchpriority=\"high\" width=\"495\" height=\"360\" src=\"https:\/\/entaban.es\/blog\/wp-content\/uploads\/2025\/12\/Tacos-de-Pladur-495x360.jpg\" class=\"wp-image-2127 avia-img-lazy-loading-not-2127 attachment-portfolio size-portfolio wp-post-image\" alt=\"Tacos de Pladur\" \/><\/a><div class=\"slide-content\"><header class=\"entry-content-header\"><h3 class='slide-entry-title entry-title ' ><a href='https:\/\/entaban.es\/blog\/tacos-de-pladur-guia-tecnica-de-seleccion-cargas-y-seguridad-en-instalaciones\/' title='Tacos de pladur: Gu\u00eda t\u00e9cnica de selecci\u00f3n, cargas y seguridad en instalaciones'>Tacos de pladur: Gu\u00eda t\u00e9cnica de selecci\u00f3n, cargas y seguridad en instalaciones<\/a><\/h3><span class=\"av-vertical-delimiter\"><\/span><\/header><div class=\"slide-meta\"><time class='slide-meta-time updated' >11 Dic. 2025<\/time><div class=\"slide-meta-del\">\/<\/div><div class=\"slide-meta-comments\"><a href='https:\/\/entaban.es\/blog\/tacos-de-pladur-guia-tecnica-de-seleccion-cargas-y-seguridad-en-instalaciones\/#respond'>0 Comentarios<\/a><\/div><\/div><div class='slide-entry-excerpt entry-content' >La construcci\u00f3n en seco ha transformado la arquitectura interior\u2026<div class=\"read-more-link\"><a href=\"https:\/\/entaban.es\/blog\/tacos-de-pladur-guia-tecnica-de-seleccion-cargas-y-seguridad-en-instalaciones\/\" class=\"more-link\"><span class=\"read-more-link-text\">Leer m\u00e1s<\/span><span class=\"more-link-arrow\"><\/span><\/a><\/div><\/div><\/div><footer class=\"entry-footer\"><\/footer><\/article><article class='slide-entry flex_column  post-entry post-entry-2111 slide-entry-overview slide-loop-3 slide-parity-odd  av_one_third  real-thumbnail posttype-post post-format-standard' ><a href='https:\/\/entaban.es\/blog\/guia-definitiva-para-encontrar-la-mejor-motosierra-de-poda-profesional\/' data-rel='slide-1' class='slide-image' title='Gu\u00eda definitiva para encontrar la mejor motosierra de poda profesional'><img decoding=\"async\" fetchpriority=\"high\" width=\"495\" height=\"360\" src=\"https:\/\/entaban.es\/blog\/wp-content\/uploads\/2025\/11\/mejor-motosierra-de-poda-495x360.jpg\" class=\"wp-image-2113 avia-img-lazy-loading-not-2113 attachment-portfolio size-portfolio wp-post-image\" alt=\"mejor motosierra de poda\" \/><\/a><div class=\"slide-content\"><header class=\"entry-content-header\"><h3 class='slide-entry-title entry-title ' ><a href='https:\/\/entaban.es\/blog\/guia-definitiva-para-encontrar-la-mejor-motosierra-de-poda-profesional\/' title='Gu\u00eda definitiva para encontrar la mejor motosierra de poda profesional'>Gu\u00eda definitiva para encontrar la mejor motosierra de poda profesional<\/a><\/h3><span class=\"av-vertical-delimiter\"><\/span><\/header><div class=\"slide-meta\"><time class='slide-meta-time updated' >6 Dic. 2025<\/time><div class=\"slide-meta-del\">\/<\/div><div class=\"slide-meta-comments\"><a href='https:\/\/entaban.es\/blog\/guia-definitiva-para-encontrar-la-mejor-motosierra-de-poda-profesional\/#respond'>0 Comentarios<\/a><\/div><\/div><div class='slide-entry-excerpt entry-content' >Como jefe de taller, responsable de mantenimiento o profesional\u2026<div class=\"read-more-link\"><a href=\"https:\/\/entaban.es\/blog\/guia-definitiva-para-encontrar-la-mejor-motosierra-de-poda-profesional\/\" class=\"more-link\"><span class=\"read-more-link-text\">Leer m\u00e1s<\/span><span class=\"more-link-arrow\"><\/span><\/a><\/div><\/div><\/div><footer class=\"entry-footer\"><\/footer><\/article><\/div><div class=\"slide-entry-wrap\"><article class='slide-entry flex_column  post-entry post-entry-2096 slide-entry-overview slide-loop-4 slide-parity-odd  av_one_third first real-thumbnail posttype-post post-format-standard' ><a href='https:\/\/entaban.es\/blog\/guia-definitiva-para-elegir-la-mejor-trampa-para-avispas-y-recuperar-tu-jardin-o-terraza\/' data-rel='slide-1' class='slide-image' title='Gu\u00eda definitiva para elegir la mejor trampa para avispas y recuperar tu jard\u00edn o terraza'><img decoding=\"async\" fetchpriority=\"high\" width=\"495\" height=\"360\" src=\"https:\/\/entaban.es\/blog\/wp-content\/uploads\/2025\/11\/liquido-trampa-avispas-495x360.jpg\" class=\"wp-image-2097 avia-img-lazy-loading-not-2097 attachment-portfolio size-portfolio wp-post-image\" alt=\"liquido trampa avispas\" \/><\/a><div class=\"slide-content\"><header class=\"entry-content-header\"><h3 class='slide-entry-title entry-title ' ><a href='https:\/\/entaban.es\/blog\/guia-definitiva-para-elegir-la-mejor-trampa-para-avispas-y-recuperar-tu-jardin-o-terraza\/' title='Gu\u00eda definitiva para elegir la mejor trampa para avispas y recuperar tu jard\u00edn o terraza'>Gu\u00eda definitiva para elegir la mejor trampa para avispas y recuperar tu jard\u00edn o terraza<\/a><\/h3><span class=\"av-vertical-delimiter\"><\/span><\/header><div class=\"slide-meta\"><time class='slide-meta-time updated' >11 Nov. 2025<\/time><div class=\"slide-meta-del\">\/<\/div><div class=\"slide-meta-comments\"><a href='https:\/\/entaban.es\/blog\/guia-definitiva-para-elegir-la-mejor-trampa-para-avispas-y-recuperar-tu-jardin-o-terraza\/#respond'>0 Comentarios<\/a><\/div><\/div><div class='slide-entry-excerpt entry-content' >Imagina la escena: es un d\u00eda soleado, perfecto para una barbacoa\u2026<div class=\"read-more-link\"><a href=\"https:\/\/entaban.es\/blog\/guia-definitiva-para-elegir-la-mejor-trampa-para-avispas-y-recuperar-tu-jardin-o-terraza\/\" class=\"more-link\"><span class=\"read-more-link-text\">Leer m\u00e1s<\/span><span class=\"more-link-arrow\"><\/span><\/a><\/div><\/div><\/div><footer class=\"entry-footer\"><\/footer><\/article><article class='slide-entry flex_column  post-entry post-entry-1579 slide-entry-overview slide-loop-5 slide-parity-even  av_one_third  real-thumbnail posttype-post post-format-standard' ><a href='https:\/\/entaban.es\/blog\/soldadura-electrica\/' data-rel='slide-1' class='slide-image' title='Gu\u00eda completa sobre soldadura el\u00e9ctrica: Tipos, procesos y aplicaciones'><img decoding=\"async\" fetchpriority=\"high\" width=\"495\" height=\"360\" src=\"https:\/\/entaban.es\/blog\/wp-content\/uploads\/2025\/05\/soldadura-electrica-495x360.jpeg\" class=\"wp-image-1978 avia-img-lazy-loading-not-1978 attachment-portfolio size-portfolio wp-post-image\" alt=\"Ventajas de la soldadura el\u00e9ctrica\" \/><\/a><div class=\"slide-content\"><header class=\"entry-content-header\"><h3 class='slide-entry-title entry-title ' ><a href='https:\/\/entaban.es\/blog\/soldadura-electrica\/' title='Gu\u00eda completa sobre soldadura el\u00e9ctrica: Tipos, procesos y aplicaciones'>Gu\u00eda completa sobre soldadura el\u00e9ctrica: Tipos, procesos y aplicaciones<\/a><\/h3><span class=\"av-vertical-delimiter\"><\/span><\/header><div class=\"slide-meta\"><time class='slide-meta-time updated' >9 Nov. 2025<\/time><div class=\"slide-meta-del\">\/<\/div><div class=\"slide-meta-comments\"><a href='https:\/\/entaban.es\/blog\/soldadura-electrica\/#respond'>0 Comentarios<\/a><\/div><\/div><div class='slide-entry-excerpt entry-content' >La soldadura el\u00e9ctrica es un proceso fundamental en la industria de la fabricaci\u00f3n y la reparaci\u00f3n, que permite unir diferentes metal con alta precisi\u00f3n y...<div class=\"read-more-link\"><a href=\"https:\/\/entaban.es\/blog\/soldadura-electrica\/\" class=\"more-link\"><span class=\"read-more-link-text\">Leer m\u00e1s<\/span><span class=\"more-link-arrow\"><\/span><\/a><\/div><\/div><\/div><footer class=\"entry-footer\"><\/footer><\/article><article class='slide-entry flex_column  post-entry post-entry-891 slide-entry-overview slide-loop-6 slide-parity-odd  av_one_third  real-thumbnail posttype-post post-format-standard' ><a href='https:\/\/entaban.es\/blog\/cuales-son-las-herramientas-imprescindibles-de-un-electricista\/' data-rel='slide-1' class='slide-image' title='Cu\u00e1les son las herramientas imprescindibles de un electricista'><img decoding=\"async\" fetchpriority=\"high\" width=\"495\" height=\"360\" src=\"https:\/\/entaban.es\/blog\/wp-content\/uploads\/2021\/12\/kit-herramientas-electricista-profesional-495x360.jpg\" class=\"wp-image-2104 avia-img-lazy-loading-not-2104 attachment-portfolio size-portfolio wp-post-image\" alt=\"kit herramientas electricista profesional\" \/><\/a><div class=\"slide-content\"><header class=\"entry-content-header\"><h3 class='slide-entry-title entry-title ' ><a href='https:\/\/entaban.es\/blog\/cuales-son-las-herramientas-imprescindibles-de-un-electricista\/' title='Cu\u00e1les son las herramientas imprescindibles de un electricista'>Cu\u00e1les son las herramientas imprescindibles de un electricista<\/a><\/h3><span class=\"av-vertical-delimiter\"><\/span><\/header><div class=\"slide-meta\"><time class='slide-meta-time updated' >3 Nov. 2025<\/time><div class=\"slide-meta-del\">\/<\/div><div class=\"slide-meta-comments\"><a href='https:\/\/entaban.es\/blog\/cuales-son-las-herramientas-imprescindibles-de-un-electricista\/#respond'>0 Comentarios<\/a><\/div><\/div><div class='slide-entry-excerpt entry-content' >Las herramientas de un electricista se componen de varios elementos seguros para realizar adecuadamente trabajos relacionados con el sector.<div class=\"read-more-link\"><a href=\"https:\/\/entaban.es\/blog\/cuales-son-las-herramientas-imprescindibles-de-un-electricista\/\" class=\"more-link\"><span class=\"read-more-link-text\">Leer m\u00e1s<\/span><span class=\"more-link-arrow\"><\/span><\/a><\/div><\/div><\/div><footer class=\"entry-footer\"><\/footer><\/article><\/div><div class=\"slide-entry-wrap\"><article class='slide-entry flex_column  post-entry post-entry-2089 slide-entry-overview slide-loop-7 slide-parity-odd  av_one_third first real-thumbnail posttype-post post-format-standard' ><a href='https:\/\/entaban.es\/blog\/diferencia-tornillo-rosca-chapa-y-rosca-madera\/' data-rel='slide-1' class='slide-image' title='Diferencia entre el tornillo de rosca de chapa y de rosca de madera'><img decoding=\"async\" fetchpriority=\"high\" width=\"495\" height=\"360\" src=\"https:\/\/entaban.es\/blog\/wp-content\/uploads\/2025\/10\/diferencia-tornillo-rosca-chapa-y-rosca-madera-495x360.jpg\" class=\"wp-image-2092 avia-img-lazy-loading-not-2092 attachment-portfolio size-portfolio wp-post-image\" alt=\"diferencia-tornillo-rosca-chapa-y-rosca-madera\" \/><\/a><div class=\"slide-content\"><header class=\"entry-content-header\"><h3 class='slide-entry-title entry-title ' ><a href='https:\/\/entaban.es\/blog\/diferencia-tornillo-rosca-chapa-y-rosca-madera\/' title='Diferencia entre el tornillo de rosca de chapa y de rosca de madera'>Diferencia entre el tornillo de rosca de chapa y de rosca de madera<\/a><\/h3><span class=\"av-vertical-delimiter\"><\/span><\/header><div class=\"slide-meta\"><time class='slide-meta-time updated' >22 Oct. 2025<\/time><div class=\"slide-meta-del\">\/<\/div><div class=\"slide-meta-comments\"><a href='https:\/\/entaban.es\/blog\/diferencia-tornillo-rosca-chapa-y-rosca-madera\/#respond'>0 Comentarios<\/a><\/div><\/div><div class='slide-entry-excerpt entry-content' >La elecci\u00f3n de los tornillos adecuados es fundamental para asegurar la durabilidad y resistencia de las uniones en cualquier proyecto...<div class=\"read-more-link\"><a href=\"https:\/\/entaban.es\/blog\/diferencia-tornillo-rosca-chapa-y-rosca-madera\/\" class=\"more-link\"><span class=\"read-more-link-text\">Leer m\u00e1s<\/span><span class=\"more-link-arrow\"><\/span><\/a><\/div><\/div><\/div><footer class=\"entry-footer\"><\/footer><\/article><article class='slide-entry flex_column  post-entry post-entry-2080 slide-entry-overview slide-loop-8 slide-parity-even  av_one_third  real-thumbnail posttype-post post-format-standard' ><a href='https:\/\/entaban.es\/blog\/tipos-cilindros-neumaticos\/' data-rel='slide-1' class='slide-image' title='Tipos de Cilindros Neum\u00e1ticos'><img decoding=\"async\" fetchpriority=\"high\" width=\"495\" height=\"360\" src=\"https:\/\/entaban.es\/blog\/wp-content\/uploads\/2025\/10\/tipos-cilindros-neumaticos-495x360.jpg\" class=\"wp-image-2083 avia-img-lazy-loading-not-2083 attachment-portfolio size-portfolio wp-post-image\" alt=\"tipos-cilindros-neumaticos\" \/><\/a><div class=\"slide-content\"><header class=\"entry-content-header\"><h3 class='slide-entry-title entry-title ' ><a href='https:\/\/entaban.es\/blog\/tipos-cilindros-neumaticos\/' title='Tipos de Cilindros Neum\u00e1ticos'>Tipos de Cilindros Neum\u00e1ticos<\/a><\/h3><span class=\"av-vertical-delimiter\"><\/span><\/header><div class=\"slide-meta\"><time class='slide-meta-time updated' >20 Oct. 2025<\/time><div class=\"slide-meta-del\">\/<\/div><div class=\"slide-meta-comments\"><a href='https:\/\/entaban.es\/blog\/tipos-cilindros-neumaticos\/#respond'>0 Comentarios<\/a><\/div><\/div><div class='slide-entry-excerpt entry-content' >Los cilindros neum\u00e1ticos son componentes claves dentro de los componentes de un circuito neum\u00e1tico, ya que convierten la energ\u00eda...<div class=\"read-more-link\"><a href=\"https:\/\/entaban.es\/blog\/tipos-cilindros-neumaticos\/\" class=\"more-link\"><span class=\"read-more-link-text\">Leer m\u00e1s<\/span><span class=\"more-link-arrow\"><\/span><\/a><\/div><\/div><\/div><footer class=\"entry-footer\"><\/footer><\/article><article class='slide-entry flex_column  post-entry post-entry-2076 slide-entry-overview slide-loop-9 slide-parity-odd  post-entry-last  av_one_third  real-thumbnail posttype-post post-format-standard' ><a href='https:\/\/entaban.es\/blog\/tipos-rodilleras-trabajo\/' data-rel='slide-1' class='slide-image' title='Rodilleras para trabajo: \u00bfQu\u00e9 tipos existen?'><img decoding=\"async\" fetchpriority=\"high\" width=\"495\" height=\"360\" src=\"https:\/\/entaban.es\/blog\/wp-content\/uploads\/2025\/09\/Rodilleras-para-trabajo-\u00bfQue-tipos-existen-495x360.jpg\" class=\"wp-image-2018 avia-img-lazy-loading-not-2018 attachment-portfolio size-portfolio wp-post-image\" alt=\"Rodilleras para trabajo \u00bfQue\u0301 tipos existen\" \/><\/a><div class=\"slide-content\"><header class=\"entry-content-header\"><h3 class='slide-entry-title entry-title ' ><a href='https:\/\/entaban.es\/blog\/tipos-rodilleras-trabajo\/' title='Rodilleras para trabajo: \u00bfQu\u00e9 tipos existen?'>Rodilleras para trabajo: \u00bfQu\u00e9 tipos existen?<\/a><\/h3><span class=\"av-vertical-delimiter\"><\/span><\/header><div class=\"slide-meta\"><time class='slide-meta-time updated' >16 Oct. 2025<\/time><div class=\"slide-meta-del\">\/<\/div><div class=\"slide-meta-comments\"><a href='https:\/\/entaban.es\/blog\/tipos-rodilleras-trabajo\/#respond'>0 Comentarios<\/a><\/div><\/div><div class='slide-entry-excerpt entry-content' >Las rodilleras son un elemento indispensable para muchos profesionales que realizan tareas que implican permanecer de rodillas...\r\n<div class=\"read-more-link\"><a href=\"https:\/\/entaban.es\/blog\/tipos-rodilleras-trabajo\/\" class=\"more-link\"><span class=\"read-more-link-text\">Leer m\u00e1s<\/span><span class=\"more-link-arrow\"><\/span><\/a><\/div><\/div><\/div><footer class=\"entry-footer\"><\/footer><\/article><\/div><\/div><div class='pagination-wrap pagination-slider'><nav class='pagination'><span class='pagination-meta'>P\u00e1gina 1 de 31<\/span><span class='current'>1<\/span><a href='https:\/\/entaban.es\/blog\/wp-json\/wp\/v2\/pages\/18\/page\/2\/' class='inactive next_page' >2<\/a><a href='https:\/\/entaban.es\/blog\/wp-json\/wp\/v2\/pages\/18\/page\/3\/' class='inactive' >3<\/a><a href='https:\/\/entaban.es\/blog\/wp-json\/wp\/v2\/pages\/18\/page\/2\/'>&rsaquo;<\/a><a href='https:\/\/entaban.es\/blog\/wp-json\/wp\/v2\/pages\/18\/page\/31\/'>&raquo;<\/a><\/nav>\n<\/div><\/div><\/div>\n<\/p>\n","protected":false},"excerpt":{"rendered":"","protected":false},"author":1,"featured_media":0,"parent":0,"menu_order":0,"comment_status":"closed","ping_status":"closed","template":"","meta":{"footnotes":""},"class_list":["post-18","page","type-page","status-publish","hentry"],"_links":{"self":[{"href":"https:\/\/entaban.es\/blog\/wp-json\/wp\/v2\/pages\/18","targetHints":{"allow":["GET"]}}],"collection":[{"href":"https:\/\/entaban.es\/blog\/wp-json\/wp\/v2\/pages"}],"about":[{"href":"https:\/\/entaban.es\/blog\/wp-json\/wp\/v2\/types\/page"}],"author":[{"embeddable":true,"href":"https:\/\/entaban.es\/blog\/wp-json\/wp\/v2\/users\/1"}],"replies":[{"embeddable":true,"href":"https:\/\/entaban.es\/blog\/wp-json\/wp\/v2\/comments?post=18"}],"version-history":[{"count":34,"href":"https:\/\/entaban.es\/blog\/wp-json\/wp\/v2\/pages\/18\/revisions"}],"predecessor-version":[{"id":102,"href":"https:\/\/entaban.es\/blog\/wp-json\/wp\/v2\/pages\/18\/revisions\/102"}],"wp:attachment":[{"href":"https:\/\/entaban.es\/blog\/wp-json\/wp\/v2\/media?parent=18"}],"curies":[{"name":"wp","href":"https:\/\/api.w.org\/{rel}","templated":true}]}}